{"id":2,"date":"2022-02-02T06:34:35","date_gmt":"2022-02-02T06:34:35","guid":{"rendered":"http:\/\/asamina.lt\/?page_id=2"},"modified":"2022-02-16T17:10:40","modified_gmt":"2022-02-16T17:10:40","slug":"apie","status":"publish","type":"page","link":"http:\/\/asamina.lt\/index.php\/apie\/","title":{"rendered":"Apie"},"content":{"rendered":"\n<p>Atliekame ma\u017e\u0173j\u0173 bendrij\u0173 buhalterin\u0119 apskait\u0105.  <\/p>\n\n\n\n<p><\/p>\n","protected":false},"excerpt":{"rendered":"<p>Atliekame ma\u017e\u0173j\u0173 bendrij\u0173 buhalterin\u0119 apskait\u0105.<\/p>\n","protected":false},"author":1,"featured_media":0,"parent":0,"menu_order":0,"comment_status":"closed","ping_status":"closed","template":"","meta":{"om_disable_all_campaigns":false,"_monsterinsights_skip_tracking":false,"_monsterinsights_sitenote_active":false,"_monsterinsights_sitenote_note":"","_monsterinsights_sitenote_category":0,"footnotes":""},"class_list":["post-2","page","type-page","status-publish","hentry"],"_links":{"self":[{"href":"http:\/\/asamina.lt\/index.php\/wp-json\/wp\/v2\/pages\/2","targetHints":{"allow":["GET"]}}],"collection":[{"href":"http:\/\/asamina.lt\/index.php\/wp-json\/wp\/v2\/pages"}],"about":[{"href":"http:\/\/asamina.lt\/index.php\/wp-json\/wp\/v2\/types\/page"}],"author":[{"embeddable":true,"href":"http:\/\/asamina.lt\/index.php\/wp-json\/wp\/v2\/users\/1"}],"replies":[{"embeddable":true,"href":"http:\/\/asamina.lt\/index.php\/wp-json\/wp\/v2\/comments?post=2"}],"version-history":[{"count":4,"href":"http:\/\/asamina.lt\/index.php\/wp-json\/wp\/v2\/pages\/2\/revisions"}],"predecessor-version":[{"id":14,"href":"http:\/\/asamina.lt\/index.php\/wp-json\/wp\/v2\/pages\/2\/revisions\/14"}],"wp:attachment":[{"href":"http:\/\/asamina.lt\/index.php\/wp-json\/wp\/v2\/media?parent=2"}],"curies":[{"name":"wp","href":"https:\/\/api.w.org\/{rel}","templated":true}]}}